{"id":866,"date":"2018-05-23T12:36:06","date_gmt":"2018-05-23T12:36:06","guid":{"rendered":"http:\/\/luftwaffenmuseum.org\/?page_id=866"},"modified":"2023-08-16T13:58:34","modified_gmt":"2023-08-16T13:58:34","slug":"datenschutz","status":"publish","type":"page","link":"http:\/\/luftwaffenmuseum.org\/?page_id=866","title":{"rendered":"Datenschutz"},"content":{"rendered":"<div id=\"ReadSpeaker\">\n<h2><strong>Schutz Ihrer pers\u00f6nlichen Daten<\/strong><\/h2>\n<p>Wir nehmen den Schutz Ihrer pers\u00f6nlichen Daten ernst und m\u00f6chten, da\u00df Sie sich beim Besuch unserer Internetseiten sicher f\u00fchlen. Bei Fragen oder Anregungen zum Thema Datenschutz schicken Sie uns bitte eine E-Mail.<\/p>\n<h3>Erhebung und Verarbeitung pers\u00f6nlicher Daten<\/h3>\n<p>Wenn Sie die Internetseite des F\u00f6rdervereins Luftwaffenmuseum der Bundeswehr e.V. besuchen, erfahren wir bei jedem Abruf einer Datei folgende Daten, die gespeichert werden:<\/p>\n<ul>\n<li>Name der abgerufenen Datei<\/li>\n<li>Datum und Uhrzeit des Abruf<\/li>\n<li>\u00fcbertragene Datenmenge<\/li>\n<li>Meldung, ob der Abruf erfolgreich war<\/li>\n<\/ul>\n<p>Die gespeicherten Daten werden nur zu statistischen Zwecken von der Webseite des F\u00f6rdervereins Luftwaffenmuseum der Bundeswehr e.V. ausgewertet, um damit ihre Dienstleistungen, ihren Service und diese Website selbst zu verbessern. Eine Weitergabe an Dritte findet nicht statt.<\/p>\n<p>Dar\u00fcber hinaus wird vorl\u00e4ufig aus technischen Gr\u00fcnden auch die IP -Adresse gespeichert; eine nutzerbezogene Auswertung findet nicht statt.<\/p>\n<p>Beim Aufruf einzelner Seiten werden so genannte tempor\u00e4re Cookies verwendet, um die Navigation zu erleichtern. Diese Session Cookies verfallen nach Ablauf der Sitzung und beinhalten keine personenbezogenen Daten, d.h. die Inhalte der Cookies werden nicht nutzerbezogen ausgewertet. Wir erheben grunds\u00e4tzlich keine Daten wie zum Beispiel die Website, von der aus Sie uns besuchen, Ihren Internet Service Provider und die Seiten, die Sie bei uns aufgerufen haben.<\/p>\n<p>Es findet keine personenbezogene Verwertung der Logfiles statt. Personenbezogene Daten sind Informationen, die dazu genutzt werden k\u00f6nnen, Ihre Identit\u00e4t zu erfahren. Darunter fallen Informationen wie Ihr richtiger Name, Adresse, Postanschrift, Telefonnummer. Wenn Sie uns eine Mail zusenden, k\u00f6nnen wir Ihnen zum Beispiel durch diese Angaben eine Antwort zukommen lassen. Grunds\u00e4tzlich erfolgen keine personenbezogenen Angaben auf der Webseite der Webseite des F\u00f6rdervereins Luftwaffenmuseum der Bundeswehr e.V.<\/p>\n<h3>Hinweis zur \u00dcbertragung von Daten an die Webseiten des F\u00f6rdervereins Luftwaffenmuseum der Bundeswehr e.V.<\/h3>\n<p>Die Webseite des F\u00f6rdervereins Luftwaffenmuseum der Bundeswehr e.V. bieten M\u00f6glichkeiten zur Information \u00fcber das Internet an.<\/p>\n<p>Dar\u00fcber hinaus finden Sie in unserem Internetangebot weitere E-Mail-Adressen einzelner Stellen oder Personen. An diese Adressen k\u00f6nnen Sie E-Mails senden.<\/p>\n<p>Wir weisen darauf hin, da\u00df bei der elektronischen Kommunikation eine unbefugte Kenntnisnahme oder Verf\u00e4lschung auf dem \u00dcbertragungsweg nicht ausgeschlossen werden kann.<\/p>\n<p>Diese Hinweise gelten nur f\u00fcr die Kommunikation mit der Webseite des F\u00f6rdervereins Luftwaffenmuseum der Bundeswehr e.V. und gelten nicht f\u00fcr Verweise auf Angebote Dritter.<\/p>\n<p>Alle Verfahrensweisen finden unter Beachtung der Datenschutzgrundverordnung (DSGVO) und dem Datenschutzrecht statt.<\/p>\n<div class=\"s3-t s3-t0\">\n<h3>Widerruf Ihrer Einwilligung zur Datenverarbeitung<\/h3>\n<p>Nur mit Ihrer ausdr\u00fccklichen Einwilligung sind einige Vorg\u00e4nge der Datenverarbeitung m\u00f6glich. Ein Widerruf Ihrer bereits erteilten Einwilligung ist jederzeit m\u00f6glich. F\u00fcr den Widerruf gen\u00fcgt eine formlose Mitteilung per E-Mail. Die Rechtm\u00e4\u00dfigkeit der bis zum Widerruf erfolgten Datenverarbeitung bleibt vom Widerruf unber\u00fchrt.<\/p>\n<h3>Recht auf Beschwerde bei der zust\u00e4ndigen Aufsichtsbeh\u00f6rde<\/h3>\n<p>Als Betroffener steht Ihnen im Falle eines datenschutzrechtlichen Versto\u00dfes ein Beschwerderecht bei der zust\u00e4ndigen Aufsichtsbeh\u00f6rde zu. Zust\u00e4ndige Aufsichtsbeh\u00f6rde bez\u00fcglich datenschutzrechtlicher Fragen ist der Landesdatenschutzbeauftragte des Bundeslandes, in dem sich der Sitz unseres Unternehmens befindet. Der folgende Link stellt eine Liste der Datenschutzbeauftragten sowie deren Kontaktdaten bereit: <a href=\"https:\/\/www.bfdi.bund.de\/DE\/Infothek\/Anschriften_Links\/anschriften_links-node.html\" target=\"_blank\" rel=\"noopener\">https:\/\/www.bfdi.bund.de\/DE\/Infothek\/Anschriften_Links\/anschriften_links-node.html<\/a>.<\/p>\n<h3>Recht auf Daten\u00fcbertragbarkeit<\/h3>\n<p>Ihnen steht das Recht zu, Daten, die wir auf Grundlage Ihrer Einwilligung oder in Erf\u00fcllung eines Vertrags automatisiert verarbeiten, an sich oder an Dritte aush\u00e4ndigen zu lassen. Die Bereitstellung erfolgt in einem maschinenlesbaren Format. Sofern Sie die direkte \u00dcbertragung der Daten an einen anderen Verantwortlichen verlangen, erfolgt dies nur, soweit es technisch machbar ist.<\/p>\n<h3>Recht auf Auskunft, Berichtigung, Sperrung, L\u00f6schung<\/h3>\n<p>Sie haben jederzeit im Rahmen der geltenden gesetzlichen Bestimmungen das Recht auf unentgeltliche Auskunft \u00fcber Ihre gespeicherten personenbezogenen Daten, Herkunft der Daten, deren Empf\u00e4nger und den Zweck der Datenverarbeitung und ggf. ein Recht auf Berichtigung, Sperrung oder L\u00f6schung dieser Daten. Diesbez\u00fcglich und auch zu weiteren Fragen zum Thema personenbezogene Daten k\u00f6nnen Sie sich jederzeit \u00fcber die im Impressum aufgef\u00fchrten Kontaktm\u00f6glichkeiten an uns wenden.<\/p>\n<h3>SSL- bzw. TLS-Verschl\u00fcsselung<\/h3>\n<p>Aus Sicherheitsgr\u00fcnden und zum Schutz der \u00dcbertragung vertraulicher Inhalte, die Sie an uns als Seitenbetreiber senden, nutzt unsere Website eine SSL-bzw. TLS-Verschl\u00fcsselung. Damit sind Daten, die Sie \u00fcber diese Website \u00fcbermitteln, f\u00fcr Dritte nicht mitlesbar. Sie erkennen eine verschl\u00fcsselte Verbindung an der \u201ehttps:\/\/\u201c Adresszeile Ihres Browsers und am Schloss-Symbol in der Browserzeile.<\/p>\n<\/div>\n<div class=\"s3-t s3-t-paypal\">\n<h2>PayPal<\/h2>\n<p>Unsere Website erm\u00f6glicht die Bezahlung via PayPal. Anbieter des Bezahldienstes ist die PayPal (Europe) S.\u00e0.r.l. et Cie, S.C.A., 22-24 Boulevard Royal, L-2449 Luxembourg.<\/p>\n<p>Wenn Sie mit PayPal bezahlen, erfolgt eine \u00dcbermittlung der von Ihnen eingegebenen Zahlungsdaten an PayPal.<\/p>\n<p>Die \u00dcbermittlung Ihrer Daten an PayPal erfolgt auf Grundlage von Art. 6 Abs. 1 lit. a DSGVO (Einwilligung) und Art. 6 Abs. 1 lit. b DSGVO (Verarbeitung zur Erf\u00fcllung eines Vertrags). Ein Widerruf Ihrer bereits erteilten Einwilligung ist jederzeit m\u00f6glich. In der Vergangenheit liegende Datenverarbeitungsvorg\u00e4nge bleiben bei einem Widerruf wirksam.<\/p>\n<\/div>\n<h3>Verantwortung \/ Haftung<\/h3>\n<p>Die Webseite des F\u00f6rdervereins Luftwaffenmuseum der Bundeswehr e.V. stellt alle Informationen und Bestandteile der Internetseite nach bestem Wissen und Gewissen zusammen. Eine Haftung oder Garantie f\u00fcr die Aktualit\u00e4t, Richtigkeit und Vollst\u00e4ndigkeit der zur Verf\u00fcgung gestellten Informationen kann nicht \u00fcbernommen werden. Ebenso wenig haftet der F\u00f6rderverein Luftwaffenmuseum der Bundeswehr e.V. f\u00fcr etwaige Sch\u00e4den, die beim Abrufen oder Herunterladen von Daten aus dieser Internetseite durch Computerviren verursacht werden.<\/p>\n<h3>Verweise auf Internetseiten Dritter<\/h3>\n<p>Im Rahmen unseres Dienstes werden auch Links zu Internetinhalten anderer Anbieter bereitgestellt. Auf den Inhalt dieser Seiten haben wir keinen Einflu\u00df; f\u00fcr den Inhalt ist ausschlie\u00dflich der Betreiber der anderen Website verantwortlich. Trotz der \u00dcberpr\u00fcfung der Inhalte im gesetzlich gebotenen Rahmen m\u00fcssen wir daher jede Verantwortung f\u00fcr den Inhalt dieser Links bzw. der verlinkten Seite ablehnen.<\/p>\n<h3>Geltung von Nutzungsbedingungen gem\u00e4\u00df der DSGVO<\/h3>\n<p>Der Haftungsausschlu\u00df und die Nutzungsbedingungen sind als Teil des Internetangebotes der Webseite\u00a0des F\u00f6rdervereins Luftwaffenmuseum der Bundeswehr e.V. zu betrachten. Sofern Teile oder einzelne Formulierungen dieses Textes der geltenden Rechtslage nicht, nicht mehr oder nicht vollst\u00e4ndig entsprechen sollten, bleiben die \u00fcbrigen Teile des Dokumentes in ihrem Inhalt und ihrer G\u00fcltigkeit davon unber\u00fchrt.<\/p>\n<\/div>\n<p><a href=\"http:\/\/luftwaffenmuseum.org\/wp-content\/uploads\/2023\/08\/bvd-mitglied.png\"><img decoding=\"async\" loading=\"lazy\" class=\"alignnone size-full wp-image-1493\" src=\"http:\/\/luftwaffenmuseum.org\/wp-content\/uploads\/2023\/08\/bvd-mitglied.png\" alt=\"\" width=\"200\" height=\"127\" srcset=\"http:\/\/luftwaffenmuseum.org\/wp-content\/uploads\/2023\/08\/bvd-mitglied.png 200w, http:\/\/luftwaffenmuseum.org\/wp-content\/uploads\/2023\/08\/bvd-mitglied-100x64.png 100w, http:\/\/luftwaffenmuseum.org\/wp-content\/uploads\/2023\/08\/bvd-mitglied-150x95.png 150w\" sizes=\"(max-width: 200px) 100vw, 200px\" \/><\/a><\/p>\n<div><\/div>\n","protected":false},"excerpt":{"rendered":"<p>Schutz Ihrer pers\u00f6nlichen Daten Wir nehmen den Schutz Ihrer pers\u00f6nlichen Daten ernst und m\u00f6chten, da\u00df Sie sich beim Besuch unserer Internetseiten sicher f\u00fchlen. Bei Fragen oder Anregungen zum Thema Datenschutz schicken Sie uns bitte eine E-Mail. Erhebung und Verarbeitung pers\u00f6nlicher<span class=\"ellipsis\">&hellip;<\/span><\/p>\n<div class=\"read-more\"><a href=\"http:\/\/luftwaffenmuseum.org\/?page_id=866\">Weiterlesen \u203a<\/a><\/div>\n<p><!-- end of .read-more --><\/p>\n","protected":false},"author":1,"featured_media":0,"parent":77,"menu_order":0,"comment_status":"closed","ping_status":"closed","template":"","meta":{"_mi_skip_tracking":false},"_links":{"self":[{"href":"http:\/\/luftwaffenmuseum.org\/index.php?rest_route=\/wp\/v2\/pages\/866"}],"collection":[{"href":"http:\/\/luftwaffenmuseum.org\/index.php?rest_route=\/wp\/v2\/pages"}],"about":[{"href":"http:\/\/luftwaffenmuseum.org\/index.php?rest_route=\/wp\/v2\/types\/page"}],"author":[{"embeddable":true,"href":"http:\/\/luftwaffenmuseum.org\/index.php?rest_route=\/wp\/v2\/users\/1"}],"replies":[{"embeddable":true,"href":"http:\/\/luftwaffenmuseum.org\/index.php?rest_route=%2Fwp%2Fv2%2Fcomments&post=866"}],"version-history":[{"count":9,"href":"http:\/\/luftwaffenmuseum.org\/index.php?rest_route=\/wp\/v2\/pages\/866\/revisions"}],"predecessor-version":[{"id":1495,"href":"http:\/\/luftwaffenmuseum.org\/index.php?rest_route=\/wp\/v2\/pages\/866\/revisions\/1495"}],"up":[{"embeddable":true,"href":"http:\/\/luftwaffenmuseum.org\/index.php?rest_route=\/wp\/v2\/pages\/77"}],"wp:attachment":[{"href":"http:\/\/luftwaffenmuseum.org\/index.php?rest_route=%2Fwp%2Fv2%2Fmedia&parent=866"}],"curies":[{"name":"wp","href":"https:\/\/api.w.org\/{rel}","templated":true}]}}