{"id":77,"date":"2015-07-24T05:59:33","date_gmt":"2015-07-24T05:59:33","guid":{"rendered":"http:\/\/luftwaffenmuseum.org\/?page_id=77"},"modified":"2025-03-02T09:10:24","modified_gmt":"2025-03-02T09:10:24","slug":"impressum","status":"publish","type":"page","link":"http:\/\/luftwaffenmuseum.org\/?page_id=77","title":{"rendered":"Impressum"},"content":{"rendered":"<p>Diese Homepage ist eine Pr\u00e4sentation des <b>F\u00f6rderverein Luftwaffenmuseum der Bundeswehr e.V.<\/b>\u00a0 (FV LwM Bw). Alle ver\u00f6ffentlichten Daten u. Angaben sowie medialen Darstellungen sind mit Sorgfalt recherchiert. Die Homepage wird st\u00e4ndig erweitert u. aktualisiert. F\u00fcr die Richtigkeit der Angaben \u00fcbernehmen wir jedoch keine Gew\u00e4hr oder Haftung\u00a0 gem\u00e4\u00df \u00a7 10 Telemediengesetz (TMG) und \u00a7\u00a018 des Medienstaatsvertrags (MStV)<\/p>\n<p>Wir distanzieren uns ausdr\u00fccklich f\u00fcr Inhalte von Anbietern, zu denen wir verlinken. F\u00fcr diese Inhalte ist ausschlie\u00dflich der jeweilige Anbieter verantwortlich. Weitere Hinweise entnehmen Sie bitte dem Disclaimer.<\/p>\n<p>Sofern nicht anders gekennzeichnet, liegen alle Rechte f\u00fcr Text und Bilder auf dieser Homepage bei dem <b>F\u00f6rderverein Luftwaffenmuseum der Bundeswehr e.V<\/b>. (FV LwM Bw).<\/p>\n<p>Ein Ausdruck zu privaten Zwecken ist erlaubt.<\/p>\n<p><strong>Hinweis:<\/strong> Die Nutzung (Einbindung) und Verlinkung des Logos\u00a0<strong>Luftwaffenmuseum<\/strong> auf fremden Internetseiten bedarf einer Genehmigung. Bitte richten Sie Ihre diesbez\u00fcglichen Anfragen an <a href=\"mailto:Info@Luftwaffenmuseum.com\">Info@Luftwaffenmuseum.com<\/a><\/p>\n<p>Au\u00dferdem ist die vollst\u00e4ndige oder teilweise Reproduktion oder Modifikation, au\u00dfer zu privaten Zwecken, ohne schriftliche Genehmigung gem\u00e4\u00df \u00a7 UrhG, vom\u00a0FV LwM Bw\u00a0nicht\u00a0gestattet.<\/p>\n<p><a href=\"http:\/\/luftwaffenmuseum.org\/?page_id=110\">Weiter zum Disclaimer (Haftungsausschluss) &gt;&gt;<\/a><\/p>\n<p>\u00a9 Webmaster:\u00a0 G\u00f6khan Aslan<\/p>\n<hr \/>\n<p><strong>Kontakt:<\/strong><\/p>\n<p><strong>F\u00f6rderverein Luftwaffenmuseum der Bundeswehr e.V.<\/strong><br \/><strong> Bundesgesch\u00e4ftsstelle &#8211; Berlin<\/strong><br \/>Postfach 450 222<br \/>D- 12172 Berlin<\/p>\n<p>Tel.: +49 30 8110769 \/ Fax: +49 3222 3713403<\/p>\n<p>eMail: info@Luftwaffenmuseum.com<\/p>\n<p>Name des Vertretungsberechtigten:\u00a0 Andreas Bonstedt, BGF<\/p>\n<p>Vereinsnummer: VR-252 (Vereinsgericht\u00a0Elmshorn)<\/p>\n<p>*******************************************************************<\/p>\n<p><strong>F\u00f6rderverein Luftwaffenmuseum der Bundeswehr e.V.<br \/>Gesch\u00e4ftsstelle &#8211; Nord<br \/><\/strong>J\u00fcrgen-Schumann-Kaserne<strong><br \/><\/strong>D- 25480 Appen<\/p>\n<p>*******************************************************************<\/p>\n<p><strong>F\u00f6rderverein Luftwaffenmuseum der Bundeswehr e.V.<\/strong><br \/><strong>Gesch\u00e4ftsstelle &#8211; S\u00fcd<\/strong><br \/>Wehrbereichsverwaltung IV<br \/>D- 80637 M\u00fcnchen<\/p>\n<p>*******************************************************************<\/p>\n<p>\u00a0<\/p>\n\n\n<figure class=\"wp-block-image size-full\"><a href=\"http:\/\/luftwaffenmuseum.org\/wp-content\/uploads\/2023\/09\/Unbenannt.jpg\"><img decoding=\"async\" loading=\"lazy\" width=\"199\" height=\"86\" src=\"http:\/\/luftwaffenmuseum.org\/wp-content\/uploads\/2023\/09\/Unbenannt.jpg\" alt=\"\" class=\"wp-image-1504\" srcset=\"http:\/\/luftwaffenmuseum.org\/wp-content\/uploads\/2023\/09\/Unbenannt.jpg 199w, http:\/\/luftwaffenmuseum.org\/wp-content\/uploads\/2023\/09\/Unbenannt-100x43.jpg 100w, http:\/\/luftwaffenmuseum.org\/wp-content\/uploads\/2023\/09\/Unbenannt-150x65.jpg 150w\" sizes=\"(max-width: 199px) 100vw, 199px\" \/><\/a><\/figure>\n","protected":false},"excerpt":{"rendered":"<p>Diese Homepage ist eine Pr\u00e4sentation des F\u00f6rderverein Luftwaffenmuseum der Bundeswehr e.V.\u00a0 (FV LwM Bw). Alle ver\u00f6ffentlichten Daten u. Angaben sowie medialen Darstellungen sind mit Sorgfalt recherchiert. Die Homepage wird st\u00e4ndig erweitert u. aktualisiert. F\u00fcr die Richtigkeit der Angaben \u00fcbernehmen wir<span class=\"ellipsis\">&hellip;<\/span><\/p>\n<div class=\"read-more\"><a href=\"http:\/\/luftwaffenmuseum.org\/?page_id=77\">Weiterlesen \u203a<\/a><\/div>\n<p><!-- end of .read-more --><\/p>\n","protected":false},"author":1,"featured_media":0,"parent":0,"menu_order":8,"comment_status":"closed","ping_status":"closed","template":"","meta":{"_mi_skip_tracking":false},"_links":{"self":[{"href":"http:\/\/luftwaffenmuseum.org\/index.php?rest_route=\/wp\/v2\/pages\/77"}],"collection":[{"href":"http:\/\/luftwaffenmuseum.org\/index.php?rest_route=\/wp\/v2\/pages"}],"about":[{"href":"http:\/\/luftwaffenmuseum.org\/index.php?rest_route=\/wp\/v2\/types\/page"}],"author":[{"embeddable":true,"href":"http:\/\/luftwaffenmuseum.org\/index.php?rest_route=\/wp\/v2\/users\/1"}],"replies":[{"embeddable":true,"href":"http:\/\/luftwaffenmuseum.org\/index.php?rest_route=%2Fwp%2Fv2%2Fcomments&post=77"}],"version-history":[{"count":37,"href":"http:\/\/luftwaffenmuseum.org\/index.php?rest_route=\/wp\/v2\/pages\/77\/revisions"}],"predecessor-version":[{"id":1822,"href":"http:\/\/luftwaffenmuseum.org\/index.php?rest_route=\/wp\/v2\/pages\/77\/revisions\/1822"}],"wp:attachment":[{"href":"http:\/\/luftwaffenmuseum.org\/index.php?rest_route=%2Fwp%2Fv2%2Fmedia&parent=77"}],"curies":[{"name":"wp","href":"https:\/\/api.w.org\/{rel}","templated":true}]}}