{"id":6,"date":"2015-07-20T10:08:31","date_gmt":"2015-07-20T10:08:31","guid":{"rendered":"http:\/\/luftwaffenmuseum.org\/?page_id=6"},"modified":"2025-03-02T15:10:29","modified_gmt":"2025-03-02T15:10:29","slug":"test","status":"publish","type":"page","link":"http:\/\/luftwaffenmuseum.org\/?page_id=6","title":{"rendered":"Museum"},"content":{"rendered":"<div id=\"pl-6\"  class=\"panel-layout\" ><div id=\"pg-6-0\"  class=\"panel-grid panel-no-style\" ><div id=\"pgc-6-0-0\"  class=\"panel-grid-cell\" ><div id=\"panel-6-0-0-0\" class=\"so-panel widget widget_black-studio-tinymce widget_black_studio_tinymce panel-first-child panel-last-child\" data-index=\"0\" ><div class=\"textwidget\"><p align=\"justify\"><img title=\"flugplatz-gatow\" src=\"http:\/\/luftwaffenmuseum.org\/wp-content\/uploads\/2015\/07\/flugplatz-gatow.jpg\" alt=\"flugplatz-gatow\" width=\"520\" height=\"343\" align=\"middle\" border=\"0\" hspace=\"5\" vspace=\"5\" \/><\/p>\n<p align=\"justify\">Eine der historischen Luftwaffensammlungen befindet sich auf dem Gel\u00e4nde des ehemaligen Milit\u00e4rflugplatzes Berlin-Gatow. Rollfeld, Hangars und die s\u00fcdlich angrenzenden Kasernenanlagen entstanden 1934\/35 als \"Kaderschmiede\" f\u00fcr Offiziere, Generalstabsoffiziere und Technische Offiziere der Luftwaffe Hitler-Deutschlands. Sie beherbergten eine der vier Luftkriegsschulen des 3. Reichs, die Luftkriegsakademie sowie die Lufttechnische Akademie. Am Ende des 2. Weltkrieges eroberte die Rote Armee den Komplex. Mit der Aufteilung Berlins in Sektoren fiel Berlin-Gatow unter britische Oberhoheit, Flugplatz und Kaserne wurden deshalb ab 2. Juli 1945 von der Royal Air Force (RAF) genutzt. W\u00e4hrend der Blockade West-Berlins durch die Sowjets 1948\/49 war Gatow neben Tempelhof die wichtigste Lebensader: \u00dcber die sogenannte Luftbr\u00fccke versorgten die westlichen Schutzm\u00e4chte die Stadt \u00fcber ein Jahr lang mit Hilfe von Transportflugzeugen. In den folgenden Jahrzehnten diente der Standort Gatow dem dort stationierten Army Air Corps der RAF. Bei Berlin-Besuchen war Gatow f\u00fcr politische Repr\u00e4sentanten aus Gro\u00dfbritannien das Tor zur Stadt. Am 18. Juni 1994 schlie\u00dflich verabschiedeten sich die Westalliierten offiziell von Berlin. Auch in Gatow holten die Briten den Union Jack ein.<br \/>\nAm 7. September 1994 \u00fcbernahm die Bundeswehr den Standort. Die s\u00fcdlich vom Flughafen gelegenen Einrichtungen bilden heute die General-Steinhoff-Kaserne. Hangars, Tower und der gr\u00f6\u00dfte Teil der ehemaligen Runways sind seit 1995 Bestandteil der historischen Luftwaffensammlung. Im Mittelpunkt steht dabei Hangar 3 mit seiner Dauerausstellung zur Geschichte der Milit\u00e4rfliegerei in Deutschland von den Anf\u00e4ngen bis zur Gegenwart. Expositionen.<\/p>\n<p align=\"justify\"><img title=\"tower\" src=\"http:\/\/luftwaffenmuseum.org\/wp-content\/uploads\/2015\/07\/tower.jpg\" alt=\"tower\" width=\"520\" height=\"200\" align=\"middle\" border=\"0\" hspace=\"5\" vspace=\"5\" \/><\/p>\n<p><a href=\"http:\/\/luftwaffenmuseum.org\/?page_id=30\">Die Geschichte des LwMuseums und wie der Verein entstand &gt;&gt;<\/a><\/p>\n<\/div><\/div><\/div><\/div><div id=\"pg-6-1\"  class=\"panel-grid panel-no-style\" ><div id=\"pgc-6-1-0\"  class=\"panel-grid-cell panel-grid-cell-empty\" ><\/div><\/div><div id=\"pg-6-2\"  class=\"panel-grid panel-no-style\" ><div id=\"pgc-6-2-0\"  class=\"panel-grid-cell panel-grid-cell-empty\" ><\/div><\/div><div id=\"pg-6-3\"  class=\"panel-grid panel-no-style\" ><div id=\"pgc-6-3-0\"  class=\"panel-grid-cell panel-grid-cell-empty\" ><\/div><\/div><\/div>","protected":false},"excerpt":{"rendered":"<p>Eine der historischen Luftwaffensammlungen befindet sich auf dem Gel\u00e4nde des ehemaligen Milit\u00e4rflugplatzes Berlin-Gatow. Rollfeld, Hangars und die s\u00fcdlich angrenzenden Kasernenanlagen entstanden 1934\/35 als &#8222;Kaderschmiede&#8220; f\u00fcr Offiziere, Generalstabsoffiziere und Technische Offiziere der Luftwaffe Hitler-Deutschlands. Sie beherbergten eine der vier Luftkriegsschulen des<span class=\"ellipsis\">&hellip;<\/span><\/p>\n<div class=\"read-more\"><a href=\"http:\/\/luftwaffenmuseum.org\/?page_id=6\">Weiterlesen \u203a<\/a><\/div>\n<p><!-- end of .read-more --><\/p>\n","protected":false},"author":1,"featured_media":0,"parent":0,"menu_order":0,"comment_status":"closed","ping_status":"closed","template":"","meta":{"_mi_skip_tracking":false},"_links":{"self":[{"href":"http:\/\/luftwaffenmuseum.org\/index.php?rest_route=\/wp\/v2\/pages\/6"}],"collection":[{"href":"http:\/\/luftwaffenmuseum.org\/index.php?rest_route=\/wp\/v2\/pages"}],"about":[{"href":"http:\/\/luftwaffenmuseum.org\/index.php?rest_route=\/wp\/v2\/types\/page"}],"author":[{"embeddable":true,"href":"http:\/\/luftwaffenmuseum.org\/index.php?rest_route=\/wp\/v2\/users\/1"}],"replies":[{"embeddable":true,"href":"http:\/\/luftwaffenmuseum.org\/index.php?rest_route=%2Fwp%2Fv2%2Fcomments&post=6"}],"version-history":[{"count":12,"href":"http:\/\/luftwaffenmuseum.org\/index.php?rest_route=\/wp\/v2\/pages\/6\/revisions"}],"predecessor-version":[{"id":1826,"href":"http:\/\/luftwaffenmuseum.org\/index.php?rest_route=\/wp\/v2\/pages\/6\/revisions\/1826"}],"wp:attachment":[{"href":"http:\/\/luftwaffenmuseum.org\/index.php?rest_route=%2Fwp%2Fv2%2Fmedia&parent=6"}],"curies":[{"name":"wp","href":"https:\/\/api.w.org\/{rel}","templated":true}]}}