{"id":485,"date":"2015-11-25T10:42:04","date_gmt":"2015-11-25T10:42:04","guid":{"rendered":"http:\/\/luftwaffenmuseum.org\/?page_id=485"},"modified":"2025-03-02T08:51:52","modified_gmt":"2025-03-02T08:51:52","slug":"hotelangebot","status":"publish","type":"page","link":"http:\/\/luftwaffenmuseum.org\/?page_id=485","title":{"rendered":"Hotelangebot"},"content":{"rendered":"<p><strong>Das\u00a0 <span style=\"color: #ff6600;\"><a style=\"color: #ff6600;\" href=\"http:\/\/www.ibis.com\/de\/hotel-3321-ibis-berlin-spandau\/index.shtml\">Hotel IBIS<\/a><\/span>\u00a0 bietet Besuchern zeitweilig Vorzugspreise -je nach Verf\u00fcgbarkeit-\u00a0 an !\u00a0\u00a0 <\/strong><\/p>\n<p><strong>~ <\/strong>Stichwort: LUFTWAFFENMUSEUM<strong> ~<\/strong><\/p>\n<p>*************************************************************************************************************<\/p>\n<p>Das Hotel <a href=\"https:\/\/www.gruener-baum-berlin.de\/startseite.html\" target=\"_blank\" rel=\"noopener\"><span style=\"color: #008000;\"><strong>Gr\u00fcner Baum<\/strong><\/span><\/a> liegt in einem der sch\u00f6nsten Stadtteile von Berlin, direkt an der Gatower Heide. Der Fahrweg betr\u00e4gt ca. 12-15 Minuten und bietet auch eine direkte Busverbindung an. Sie finden uns in der unmittelbaren N\u00e4he der Havel und dennoch in Cityn\u00e4he.<\/p>\n","protected":false},"excerpt":{"rendered":"<p>Das\u00a0 Hotel IBIS\u00a0 bietet Besuchern zeitweilig Vorzugspreise -je nach Verf\u00fcgbarkeit-\u00a0 an !\u00a0\u00a0 ~ Stichwort: LUFTWAFFENMUSEUM ~ ************************************************************************************************************* Das Hotel Gr\u00fcner Baum liegt in einem der sch\u00f6nsten Stadtteile von Berlin, direkt an der Gatower Heide. Der Fahrweg betr\u00e4gt ca. 12-15 Minuten<span class=\"ellipsis\">&hellip;<\/span><\/p>\n<div class=\"read-more\"><a href=\"http:\/\/luftwaffenmuseum.org\/?page_id=485\">Weiterlesen \u203a<\/a><\/div>\n<p><!-- end of .read-more --><\/p>\n","protected":false},"author":1,"featured_media":0,"parent":80,"menu_order":0,"comment_status":"closed","ping_status":"closed","template":"","meta":{"_mi_skip_tracking":false},"_links":{"self":[{"href":"http:\/\/luftwaffenmuseum.org\/index.php?rest_route=\/wp\/v2\/pages\/485"}],"collection":[{"href":"http:\/\/luftwaffenmuseum.org\/index.php?rest_route=\/wp\/v2\/pages"}],"about":[{"href":"http:\/\/luftwaffenmuseum.org\/index.php?rest_route=\/wp\/v2\/types\/page"}],"author":[{"embeddable":true,"href":"http:\/\/luftwaffenmuseum.org\/index.php?rest_route=\/wp\/v2\/users\/1"}],"replies":[{"embeddable":true,"href":"http:\/\/luftwaffenmuseum.org\/index.php?rest_route=%2Fwp%2Fv2%2Fcomments&post=485"}],"version-history":[{"count":14,"href":"http:\/\/luftwaffenmuseum.org\/index.php?rest_route=\/wp\/v2\/pages\/485\/revisions"}],"predecessor-version":[{"id":1812,"href":"http:\/\/luftwaffenmuseum.org\/index.php?rest_route=\/wp\/v2\/pages\/485\/revisions\/1812"}],"up":[{"embeddable":true,"href":"http:\/\/luftwaffenmuseum.org\/index.php?rest_route=\/wp\/v2\/pages\/80"}],"wp:attachment":[{"href":"http:\/\/luftwaffenmuseum.org\/index.php?rest_route=%2Fwp%2Fv2%2Fmedia&parent=485"}],"curies":[{"name":"wp","href":"https:\/\/api.w.org\/{rel}","templated":true}]}}