{"id":43,"date":"2015-07-23T06:52:45","date_gmt":"2015-07-23T06:52:45","guid":{"rendered":"http:\/\/luftwaffenmuseum.org\/?page_id=43"},"modified":"2025-03-02T08:46:32","modified_gmt":"2025-03-02T08:46:32","slug":"43-2","status":"publish","type":"page","link":"http:\/\/luftwaffenmuseum.org\/?page_id=43","title":{"rendered":"\u00d6ffnungszeiten"},"content":{"rendered":"<div id=\"pl-43\"  class=\"panel-layout\" ><div id=\"pg-43-0\"  class=\"panel-grid panel-no-style\" ><div id=\"pgc-43-0-0\"  class=\"panel-grid-cell\" ><div id=\"panel-43-0-0-0\" class=\"so-panel widget widget_black-studio-tinymce widget_black_studio_tinymce panel-first-child panel-last-child\" data-index=\"0\" ><div class=\"textwidget\"><p><strong>Der Flugplatz-Gatow ist ge\u00f6ffnet* :<\/strong><\/p>\n<p><strong>Dienstag bis Sonntag von 10:00 Uhr -\u00a0 18:00 Uhr. (Letzter Einlass um 17:30 Uhr)<\/strong><\/p>\n<div align=\"left\">\n<p><b>Der Eintritt ist frei !<\/b><\/div>\n<div align=\"left\">\n<hr \/>\n<p align=\"left\"><strong>*) Geschlossen wird Weihnachten u. zum Jahreswechsel:<\/strong><\/p>\n<p align=\"left\">vom 22. bis 26. Dezember 2025,<\/p>\n<p align=\"left\">sowie vom 29. Dezember 2025 bis 01. Januar 2026.<\/p>\n<p align=\"left\">\u00a0-<i>\u00a0<span style=\"color: #ff0000;\">An allen anderen Feiertagen, auch die auf einen Montag fallen, ist ebenfalls ge\u00f6ffnet !<\/span><\/i><\/p>\n<\/div>\n<div align=\"left\">\n<div align=\"left\">\n<div align=\"left\">\n<hr \/>\n<\/div>\n<\/div>\n<div align=\"left\"><\/div>\n<div align=\"left\">Rollrampen und Behindertentoiletten, sowie\u00a0 kostenlose<\/div>\n<div align=\"left\">Parkpl\u00e4tze f\u00fcr Busse, PKW`s u. Kr\u00e4der sind ausreichend vorhanden.<\/div>\n<div align=\"left\"><\/div>\n<div align=\"left\">Das Radfahren und Skaten auf\u00a0dem Freigel\u00e4nde ist gestattet.<\/div>\n<div align=\"left\">Hunde sind auf dem Freigel\u00e4nde gestattet (Leinenzwang)<\/div>\n<div align=\"left\">In Ausstellungsr\u00e4umen sind nur Assistenzhunde erlaubt.<\/div>\n<div align=\"left\"><\/div>\n<\/div>\n<div align=\"left\">\n<p align=\"left\"><a href=\"http:\/\/luftwaffenmuseum.org\/wp-content\/uploads\/2022\/12\/q.jpg\"><img class=\"alignnone size-medium wp-image-1382\" src=\"http:\/\/luftwaffenmuseum.org\/wp-content\/uploads\/2022\/12\/q-300x200.jpg\" alt=\"\" width=\"300\" height=\"200\" \/><\/a><\/p>\n<\/div>\n<\/div><\/div><\/div><\/div><\/div>","protected":false},"excerpt":{"rendered":"<p>Der Flugplatz-Gatow ist ge\u00f6ffnet* : Dienstag bis Sonntag von 10:00 Uhr &#8211;\u00a0 18:00 Uhr. (Letzter Einlass um 17:30 Uhr) Der Eintritt ist frei ! *) Geschlossen wird Weihnachten u. zum Jahreswechsel: vom 22. bis 26. Dezember 2025, sowie vom 29.<span class=\"ellipsis\">&hellip;<\/span><\/p>\n<div class=\"read-more\"><a href=\"http:\/\/luftwaffenmuseum.org\/?page_id=43\">Weiterlesen \u203a<\/a><\/div>\n<p><!-- end of .read-more --><\/p>\n","protected":false},"author":1,"featured_media":0,"parent":0,"menu_order":5,"comment_status":"closed","ping_status":"closed","template":"","meta":{"_mi_skip_tracking":false},"_links":{"self":[{"href":"http:\/\/luftwaffenmuseum.org\/index.php?rest_route=\/wp\/v2\/pages\/43"}],"collection":[{"href":"http:\/\/luftwaffenmuseum.org\/index.php?rest_route=\/wp\/v2\/pages"}],"about":[{"href":"http:\/\/luftwaffenmuseum.org\/index.php?rest_route=\/wp\/v2\/types\/page"}],"author":[{"embeddable":true,"href":"http:\/\/luftwaffenmuseum.org\/index.php?rest_route=\/wp\/v2\/users\/1"}],"replies":[{"embeddable":true,"href":"http:\/\/luftwaffenmuseum.org\/index.php?rest_route=%2Fwp%2Fv2%2Fcomments&post=43"}],"version-history":[{"count":45,"href":"http:\/\/luftwaffenmuseum.org\/index.php?rest_route=\/wp\/v2\/pages\/43\/revisions"}],"predecessor-version":[{"id":1810,"href":"http:\/\/luftwaffenmuseum.org\/index.php?rest_route=\/wp\/v2\/pages\/43\/revisions\/1810"}],"wp:attachment":[{"href":"http:\/\/luftwaffenmuseum.org\/index.php?rest_route=%2Fwp%2Fv2%2Fmedia&parent=43"}],"curies":[{"name":"wp","href":"https:\/\/api.w.org\/{rel}","templated":true}]}}