{"id":332,"date":"2015-08-04T05:52:44","date_gmt":"2015-08-04T05:52:44","guid":{"rendered":"http:\/\/luftwaffenmuseum.org\/?page_id=332"},"modified":"2025-02-01T09:34:47","modified_gmt":"2025-02-01T09:34:47","slug":"taetigkeitsfelder","status":"publish","type":"page","link":"http:\/\/luftwaffenmuseum.org\/?page_id=332","title":{"rendered":"T\u00e4tigkeitsfelder"},"content":{"rendered":"<p><span style=\"text-decoration: underline;\">Die Unterst\u00fctzung des F\u00f6rdervereins erfolgt insbesondere zu folgenden Bereichen:<\/span><\/p>\n<p>&#8211; Durchf\u00fchrungen von Veranstaltungen, wie z.B. Symposien und Vortr\u00e4ge;<\/p>\n<p>&#8211; \u00d6ffentlichkeitsarbeit durch Teilnahme an Messen, Ausstellungen und Festivit\u00e4ten;<\/p>\n<p>&#8211; Kooperationen mit anderen Vereinen u. Institutionen;<\/p>\n<p>&#8211; \u00dcbernahme bzw. Vermittlung von Exponat-Patenschaften;<\/p>\n<p>&#8211; Pressearbeit bei Ausstellungen und Ver\u00f6ffentlichungen.<\/p>\n<p>Sie k\u00f6nnen sich pers\u00f6nlich durch eine Mitgliedschaft im F\u00f6rderverein, aktive Mitarbeit oder passives Spenden in diese gemeinn\u00fctzige T\u00e4tigkeit einbringen. Wir sind dabei f\u00fcr jede Unterst\u00fctzung dankbar.<\/p>\n\n<div class=\"wp-block-image\">\n<figure class=\"alignleft size-large\"><a href=\"http:\/\/luftwaffenmuseum.org\/wp-content\/uploads\/2025\/02\/16_P9090056-scaled.jpg\"><img decoding=\"async\" loading=\"lazy\" width=\"1024\" height=\"768\" src=\"http:\/\/luftwaffenmuseum.org\/wp-content\/uploads\/2025\/02\/16_P9090056-1024x768.jpg\" alt=\"\" class=\"wp-image-1734\" srcset=\"http:\/\/luftwaffenmuseum.org\/wp-content\/uploads\/2025\/02\/16_P9090056-1024x768.jpg 1024w, http:\/\/luftwaffenmuseum.org\/wp-content\/uploads\/2025\/02\/16_P9090056-300x225.jpg 300w, http:\/\/luftwaffenmuseum.org\/wp-content\/uploads\/2025\/02\/16_P9090056-768x576.jpg 768w, http:\/\/luftwaffenmuseum.org\/wp-content\/uploads\/2025\/02\/16_P9090056-1536x1152.jpg 1536w, http:\/\/luftwaffenmuseum.org\/wp-content\/uploads\/2025\/02\/16_P9090056-2048x1536.jpg 2048w, http:\/\/luftwaffenmuseum.org\/wp-content\/uploads\/2025\/02\/16_P9090056-100x75.jpg 100w, http:\/\/luftwaffenmuseum.org\/wp-content\/uploads\/2025\/02\/16_P9090056-150x113.jpg 150w, http:\/\/luftwaffenmuseum.org\/wp-content\/uploads\/2025\/02\/16_P9090056-200x150.jpg 200w, http:\/\/luftwaffenmuseum.org\/wp-content\/uploads\/2025\/02\/16_P9090056-450x338.jpg 450w, http:\/\/luftwaffenmuseum.org\/wp-content\/uploads\/2025\/02\/16_P9090056-600x450.jpg 600w, http:\/\/luftwaffenmuseum.org\/wp-content\/uploads\/2025\/02\/16_P9090056-900x675.jpg 900w\" sizes=\"(max-width: 1024px) 100vw, 1024px\" \/><\/a><\/figure><\/div>","protected":false},"excerpt":{"rendered":"<p>Die Unterst\u00fctzung des F\u00f6rdervereins erfolgt insbesondere zu folgenden Bereichen: &#8211; Durchf\u00fchrungen von Veranstaltungen, wie z.B. Symposien und Vortr\u00e4ge; &#8211; \u00d6ffentlichkeitsarbeit durch Teilnahme an Messen, Ausstellungen und Festivit\u00e4ten; &#8211; Kooperationen mit anderen Vereinen u. Institutionen; &#8211; \u00dcbernahme bzw. Vermittlung von Exponat-Patenschaften;<span class=\"ellipsis\">&hellip;<\/span><\/p>\n<div class=\"read-more\"><a href=\"http:\/\/luftwaffenmuseum.org\/?page_id=332\">Weiterlesen \u203a<\/a><\/div>\n<p><!-- end of .read-more --><\/p>\n","protected":false},"author":1,"featured_media":0,"parent":37,"menu_order":0,"comment_status":"closed","ping_status":"closed","template":"","meta":{"_mi_skip_tracking":false},"_links":{"self":[{"href":"http:\/\/luftwaffenmuseum.org\/index.php?rest_route=\/wp\/v2\/pages\/332"}],"collection":[{"href":"http:\/\/luftwaffenmuseum.org\/index.php?rest_route=\/wp\/v2\/pages"}],"about":[{"href":"http:\/\/luftwaffenmuseum.org\/index.php?rest_route=\/wp\/v2\/types\/page"}],"author":[{"embeddable":true,"href":"http:\/\/luftwaffenmuseum.org\/index.php?rest_route=\/wp\/v2\/users\/1"}],"replies":[{"embeddable":true,"href":"http:\/\/luftwaffenmuseum.org\/index.php?rest_route=%2Fwp%2Fv2%2Fcomments&post=332"}],"version-history":[{"count":13,"href":"http:\/\/luftwaffenmuseum.org\/index.php?rest_route=\/wp\/v2\/pages\/332\/revisions"}],"predecessor-version":[{"id":1736,"href":"http:\/\/luftwaffenmuseum.org\/index.php?rest_route=\/wp\/v2\/pages\/332\/revisions\/1736"}],"up":[{"embeddable":true,"href":"http:\/\/luftwaffenmuseum.org\/index.php?rest_route=\/wp\/v2\/pages\/37"}],"wp:attachment":[{"href":"http:\/\/luftwaffenmuseum.org\/index.php?rest_route=%2Fwp%2Fv2%2Fmedia&parent=332"}],"curies":[{"name":"wp","href":"https:\/\/api.w.org\/{rel}","templated":true}]}}