{"id":307,"date":"2015-08-02T10:53:10","date_gmt":"2015-08-02T10:53:10","guid":{"rendered":"http:\/\/luftwaffenmuseum.org\/?page_id=307"},"modified":"2025-03-02T08:39:23","modified_gmt":"2025-03-02T08:39:23","slug":"geschichte-zum-foerderverein","status":"publish","type":"page","link":"http:\/\/luftwaffenmuseum.org\/?page_id=307","title":{"rendered":"Geschichte zum F\u00f6rderverein"},"content":{"rendered":"<p><strong>F\u00f6rderverein des Luftwaffenmuseum der Bundeswehr e.V.<\/strong><\/p>\n<p>Das Luftwaffenmuseum der Bundeswehr verdankt seine Entstehung der Sammelleidenschaft eines Beamten der Bundeswehrverwaltung. 1957 hat der Regierungsamtmann Helmut Jaeckel am Luftwaffenstandort Uetersen begonnen, Ausr\u00fcstungsgegenst\u00e4nde von Soldaten der Wehrmacht zu sammeln. Das waren Uniformen, technisches Ger\u00e4t, Orden und Ehrenzeichen. Erster Ausstellungsort war eine ausgediente Turnhalle auf dem Flugplatz Uetersen, der fr\u00fcheren Marseille-Kaserne, welche heute J\u00fcrgen-Schumann-Kaserne hei\u00dft. Um den mit dem Betrieb des Museums verbundenen Aufwand bew\u00e4ltigen zu k\u00f6nnen, wurde 1963 das \u201eKuratorium Luftwaffenmuseum e.V.\u201c gegr\u00fcndet. 1967 \u00fcbernahm Oberstarzt Dr. Boecker die Leitung der Sammlung, die innerhalb der vergangenen zehn Jahre zu einem ansehnlichen Museum angewachsen war. Dazu geh\u00f6rte die \u00dcbernahme einer Heinkel He-111 und einer Messerschmitt Bf-109 als Geschenk der spanischen Luftstreitkr\u00e4fte.<\/p>\n<p>Nach knapp weiteren zehn Jahren war das Museum mit \u00fcber 15.000 Exponaten auf 5.000 qm nicht nur eines der gr\u00f6\u00dften seiner Art in Europa, es hatte damit auch einen Umfang angenommen, der den Fortbestand &#8211; nur auf private Spendengelder gest\u00fctzt, nicht zulie\u00df. Damit lie\u00dfen sich weder die laufenden Betriebskosten decken noch gr\u00f6\u00dfere Neuanschaffungen erm\u00f6glichen. Das Kuratorium bot der Bundeswehr das Museum daher als Schenkung an.<\/p>\n<p>Die \u00dcbernahme des Museums erfolgte offiziell 1987.<\/p>\n<p>Aus dem Kuratorium Luftwaffenmuseum wurde der :<\/p>\n<p><strong>F\u00f6rderverein des Luftwaffenmuseums der Bundeswehr e.V.<\/strong><\/p>\n<p>Das damalige Museum ist durch private Initiative entstanden. Es wird trotz staatlicher Tr\u00e4gerschaft nicht ohne das Engagement, sowie der Hilfe und Unterst\u00fctzung des F\u00f6rdervereins die ehrgeizigen Ziele erreichen. Diese versucht der F\u00f6rderverein zu vermitteln.<\/p>\n<p>Wir sind dabei f\u00fcr jede Unterst\u00fctzung dankbar.<\/p>\n<p>&#8212;&#8212;&#8212;&#8212;&#8212;&#8212;&#8212;&#8212;&#8212;&#8212;&#8212;&#8212;&#8212;&#8212;&#8212;&#8212;&#8212;&#8212;&#8212;&#8212;&#8212;&#8212;&#8212;&#8212;&#8212;&#8212;&#8212;&#8212;&#8212;&#8212;&#8212;&#8212;&#8212;&#8212;&#8212;&#8212;&#8212;&#8212;&#8212;&#8212;<\/p>\n<p>Bundesgesch\u00e4ftsstelle &#8211; Berlin<br \/>\nPostfach 450 222 \/ D- 12172 Berlin<br \/>\nTel: 030-811 07 69 \/ Fax: 03222 3713403<br \/>\neMail: Info@Luftwaffenmuseum.com<\/p>\n","protected":false},"excerpt":{"rendered":"<p>F\u00f6rderverein des Luftwaffenmuseum der Bundeswehr e.V. Das Luftwaffenmuseum der Bundeswehr verdankt seine Entstehung der Sammelleidenschaft eines Beamten der Bundeswehrverwaltung. 1957 hat der Regierungsamtmann Helmut Jaeckel am Luftwaffenstandort Uetersen begonnen, Ausr\u00fcstungsgegenst\u00e4nde von Soldaten der Wehrmacht zu sammeln. Das waren Uniformen, technisches<span class=\"ellipsis\">&hellip;<\/span><\/p>\n<div class=\"read-more\"><a href=\"http:\/\/luftwaffenmuseum.org\/?page_id=307\">Weiterlesen \u203a<\/a><\/div>\n<p><!-- end of .read-more --><\/p>\n","protected":false},"author":1,"featured_media":0,"parent":37,"menu_order":0,"comment_status":"closed","ping_status":"closed","template":"","meta":{"_mi_skip_tracking":false},"_links":{"self":[{"href":"http:\/\/luftwaffenmuseum.org\/index.php?rest_route=\/wp\/v2\/pages\/307"}],"collection":[{"href":"http:\/\/luftwaffenmuseum.org\/index.php?rest_route=\/wp\/v2\/pages"}],"about":[{"href":"http:\/\/luftwaffenmuseum.org\/index.php?rest_route=\/wp\/v2\/types\/page"}],"author":[{"embeddable":true,"href":"http:\/\/luftwaffenmuseum.org\/index.php?rest_route=\/wp\/v2\/users\/1"}],"replies":[{"embeddable":true,"href":"http:\/\/luftwaffenmuseum.org\/index.php?rest_route=%2Fwp%2Fv2%2Fcomments&post=307"}],"version-history":[{"count":12,"href":"http:\/\/luftwaffenmuseum.org\/index.php?rest_route=\/wp\/v2\/pages\/307\/revisions"}],"predecessor-version":[{"id":1807,"href":"http:\/\/luftwaffenmuseum.org\/index.php?rest_route=\/wp\/v2\/pages\/307\/revisions\/1807"}],"up":[{"embeddable":true,"href":"http:\/\/luftwaffenmuseum.org\/index.php?rest_route=\/wp\/v2\/pages\/37"}],"wp:attachment":[{"href":"http:\/\/luftwaffenmuseum.org\/index.php?rest_route=%2Fwp%2Fv2%2Fmedia&parent=307"}],"curies":[{"name":"wp","href":"https:\/\/api.w.org\/{rel}","templated":true}]}}