{"id":132,"date":"2015-07-27T08:58:04","date_gmt":"2015-07-27T08:58:04","guid":{"rendered":"http:\/\/luftwaffenmuseum.org\/?page_id=132"},"modified":"2024-12-30T14:07:11","modified_gmt":"2024-12-30T14:07:11","slug":"sprechzeiten-bundesgeschaeftsstelle","status":"publish","type":"page","link":"http:\/\/luftwaffenmuseum.org\/?page_id=132","title":{"rendered":"Bundesgesch\u00e4ftsstelle \/ Kontakt"},"content":{"rendered":"<p>\u00a0<\/p>\n<h4>Alle e-Mail Anfragen bitte unter:\u00a0<\/h4>\n<h3><strong>info@Luftwaffenmuseum.com<\/strong><\/h3>\n<h6>\u00a0<\/h6>\n<p>Des Weiteren stehen Ihnen die Sammelrufnummern f\u00fcr die Gesch\u00e4ftsstelle-Nord, die Gesch\u00e4ftsstelle-S\u00fcd, sowie der Bundesgesch\u00e4ftsstelle zur Verf\u00fcgung:<\/p>\n<p><strong>Telefon: +49 30 811 07 69\u00a0\u00a0 \/\u00a0\u00a0 Telefax: \u00a0 +49 3222 371 34 03<br \/><\/strong><\/p>\n<p>Telefonische Anfragen (Anrufbeantworter) werden gerne im R\u00fcckrufservice zeitnah beantwortet.<\/p>\n<p>\u00a0<\/p>\n<h4><strong>Zudem stehen Ihnen Informationen \u00fcber das Social-Media (WhatsApp) zur Verf\u00fcgung.<\/strong><\/h4>\n<h4 style=\"text-align: left;\"><strong><a href=\"http:\/\/luftwaffenmuseum.org\/wp-content\/uploads\/2024\/12\/Screenshot_20241230_145004_WhatsApp.jpg\"><img decoding=\"async\" loading=\"lazy\" class=\"alignnone size-medium wp-image-1718\" src=\"http:\/\/luftwaffenmuseum.org\/wp-content\/uploads\/2024\/12\/Screenshot_20241230_145004_WhatsApp-206x300.jpg\" alt=\"\" width=\"206\" height=\"300\" srcset=\"http:\/\/luftwaffenmuseum.org\/wp-content\/uploads\/2024\/12\/Screenshot_20241230_145004_WhatsApp-206x300.jpg 206w, http:\/\/luftwaffenmuseum.org\/wp-content\/uploads\/2024\/12\/Screenshot_20241230_145004_WhatsApp-100x146.jpg 100w, http:\/\/luftwaffenmuseum.org\/wp-content\/uploads\/2024\/12\/Screenshot_20241230_145004_WhatsApp-150x219.jpg 150w, http:\/\/luftwaffenmuseum.org\/wp-content\/uploads\/2024\/12\/Screenshot_20241230_145004_WhatsApp-200x292.jpg 200w, http:\/\/luftwaffenmuseum.org\/wp-content\/uploads\/2024\/12\/Screenshot_20241230_145004_WhatsApp-300x438.jpg 300w, http:\/\/luftwaffenmuseum.org\/wp-content\/uploads\/2024\/12\/Screenshot_20241230_145004_WhatsApp-450x657.jpg 450w, http:\/\/luftwaffenmuseum.org\/wp-content\/uploads\/2024\/12\/Screenshot_20241230_145004_WhatsApp-600x876.jpg 600w, http:\/\/luftwaffenmuseum.org\/wp-content\/uploads\/2024\/12\/Screenshot_20241230_145004_WhatsApp.jpg 651w\" sizes=\"(max-width: 206px) 100vw, 206px\" \/><\/a> \u00a0 <\/strong><\/h4>\n<p>\u00a0<\/p>\n<p><a href=\"http:\/\/luftwaffenmuseum.org\/wp-content\/uploads\/2021\/08\/co2neutral.png\"><img decoding=\"async\" loading=\"lazy\" class=\"alignnone size-full wp-image-1243\" src=\"http:\/\/luftwaffenmuseum.org\/wp-content\/uploads\/2021\/08\/co2neutral.png\" alt=\"\" width=\"165\" height=\"62\" srcset=\"http:\/\/luftwaffenmuseum.org\/wp-content\/uploads\/2021\/08\/co2neutral.png 165w, http:\/\/luftwaffenmuseum.org\/wp-content\/uploads\/2021\/08\/co2neutral-100x38.png 100w, http:\/\/luftwaffenmuseum.org\/wp-content\/uploads\/2021\/08\/co2neutral-150x56.png 150w\" sizes=\"(max-width: 165px) 100vw, 165px\" \/><\/a><\/p>\n\n\n<p><\/p>\n","protected":false},"excerpt":{"rendered":"<p>\u00a0 Alle e-Mail Anfragen bitte unter:\u00a0 info@Luftwaffenmuseum.com \u00a0 Des Weiteren stehen Ihnen die Sammelrufnummern f\u00fcr die Gesch\u00e4ftsstelle-Nord, die Gesch\u00e4ftsstelle-S\u00fcd, sowie der Bundesgesch\u00e4ftsstelle zur Verf\u00fcgung: Telefon: +49 30 811 07 69\u00a0\u00a0 \/\u00a0\u00a0 Telefax: \u00a0 +49 3222 371 34 03 Telefonische Anfragen<span class=\"ellipsis\">&hellip;<\/span><\/p>\n<div class=\"read-more\"><a href=\"http:\/\/luftwaffenmuseum.org\/?page_id=132\">Weiterlesen \u203a<\/a><\/div>\n<p><!-- end of .read-more --><\/p>\n","protected":false},"author":1,"featured_media":0,"parent":37,"menu_order":0,"comment_status":"closed","ping_status":"closed","template":"","meta":{"_mi_skip_tracking":false},"_links":{"self":[{"href":"http:\/\/luftwaffenmuseum.org\/index.php?rest_route=\/wp\/v2\/pages\/132"}],"collection":[{"href":"http:\/\/luftwaffenmuseum.org\/index.php?rest_route=\/wp\/v2\/pages"}],"about":[{"href":"http:\/\/luftwaffenmuseum.org\/index.php?rest_route=\/wp\/v2\/types\/page"}],"author":[{"embeddable":true,"href":"http:\/\/luftwaffenmuseum.org\/index.php?rest_route=\/wp\/v2\/users\/1"}],"replies":[{"embeddable":true,"href":"http:\/\/luftwaffenmuseum.org\/index.php?rest_route=%2Fwp%2Fv2%2Fcomments&post=132"}],"version-history":[{"count":29,"href":"http:\/\/luftwaffenmuseum.org\/index.php?rest_route=\/wp\/v2\/pages\/132\/revisions"}],"predecessor-version":[{"id":1719,"href":"http:\/\/luftwaffenmuseum.org\/index.php?rest_route=\/wp\/v2\/pages\/132\/revisions\/1719"}],"up":[{"embeddable":true,"href":"http:\/\/luftwaffenmuseum.org\/index.php?rest_route=\/wp\/v2\/pages\/37"}],"wp:attachment":[{"href":"http:\/\/luftwaffenmuseum.org\/index.php?rest_route=%2Fwp%2Fv2%2Fmedia&parent=132"}],"curies":[{"name":"wp","href":"https:\/\/api.w.org\/{rel}","templated":true}]}}